{"id":2174,"date":"2022-05-13T14:45:42","date_gmt":"2022-05-13T14:45:42","guid":{"rendered":"https:\/\/www.pietromoros.it\/privacy-policy\/"},"modified":"2022-05-13T14:45:42","modified_gmt":"2022-05-13T14:45:42","slug":"privacy-policy","status":"publish","type":"page","link":"https:\/\/www.pietromoros.it\/en\/privacy-policy\/","title":{"rendered":"Privacy Policy"},"content":{"rendered":"\t\t<div data-elementor-type=\"wp-page\" data-elementor-id=\"2174\" class=\"elementor elementor-2174 elementor-3\" data-elementor-post-type=\"page\">\n\t\t\t\t\t\t<section class=\"elementor-section elementor-top-section elementor-element elementor-element-170c5078 elementor-section-boxed elementor-section-height-default elementor-section-height-default\" data-id=\"170c5078\" data-element_type=\"section\" data-e-type=\"section\">\n\t\t\t\t\t\t<div class=\"elementor-container elementor-column-gap-default\">\n\t\t\t\t\t<div class=\"elementor-column elementor-col-100 elementor-top-column elementor-element elementor-element-39c6962a\" data-id=\"39c6962a\" data-element_type=\"column\" data-e-type=\"column\">\n\t\t\t<div class=\"elementor-widget-wrap elementor-element-populated\">\n\t\t\t\t\t\t<div class=\"elementor-element elementor-element-4e5a50ab elementor-widget elementor-widget-text-editor\" data-id=\"4e5a50ab\" data-element_type=\"widget\" data-e-type=\"widget\" data-widget_type=\"text-editor.default\">\n\t\t\t\t<div class=\"elementor-widget-container\">\n\t\t\t\t\t\t\t\t\t<p>Informativa sul trattamento dei dati personali e sui cookie del sito internet<\/p><h2>1. Premessa<\/h2><p>In ottemperanza degli obblighi derivanti dal Regolamento (UE) n. 2016\/679 del Parlamento Europeo e del Consiglio del 27 aprile 2016 (di seguito, il &#8220;<strong>Regolamento<\/strong>&#8221; o &#8220;<strong>GDPR<\/strong>&#8220;) e della legislazione nazionale vigente, Pietro Alfredo Moros rispetta e tutela i dati personali dei visitatori e degli utenti (di seguito, gli &#8220;<strong>Interessati<\/strong>&#8220;) del sito internet www.pietromoros.it (di seguito, il &#8220;<strong>Sito Internet<\/strong>&#8220;).<br \/>Questo documento fornisce informazioni sul trattamento dei dati personali raccolti da Pietro Alfredo Moros tramite il Sito Internet e, pertanto, costituisce una informativa agli Interessati ai sensi della predetta normativa e non si applica ai dati personali raccolti da Pietro Alfredo Moros tramite canali diversi dal Sito Internet.<br \/>Secondo quanto previsto dal Regolamento, il trattamento dei dati personali degli Interessati viene effettuato nel rispetto dei principi di correttezza, liceit\u00e0, trasparenza e tutela della riservatezza.<\/p><p><u>Il Sito Internet contiene collegamenti ad altri siti internet:<\/u><\/p><p>la presente informativa non riguarda tali altri siti internet, eventualmente consultati dagli Interessati tramite appositi link. Tali siti internet possono contenere informative sul trattamento dei dati personali difformi, in tutto o in parte, da questa informativa. Pietro Alfredo Moros invita pertanto gli Interessati a leggere con attenzione le informative privacy di ciascun altro sito al quale si collegano, specialmente prima di inserire una qualsiasi informazione personale.<\/p><h2>2. Identit\u00e0 e dati di contatto del titolare del trattamento<\/h2><p>Il titolare del trattamento \u00e8 Pietro Alfredo Moros (di seguito, &#8220;<strong>Pietro Alfredo Moros<\/strong>&#8221; o il &#8220;<strong>Titolare del Trattamento<\/strong>&#8220;), P. IVA , con sede in corso Aldo Gastaldi 9\/1 scala A 16131 &#8211; Genova(GE) (tel: +39 3474084715; email pietroalfredo1958@pec.it).<\/p><h2>3. Tipologie di dati trattati tramite il Sito Internet<\/h2><p>Il Titolare del Trattamento, tramite il Sito Internet, potr\u00e0 trattare i seguenti dati:<\/p><p><u><i>Dati raccolti in maniera automatizzata &#8211; dati di traffico e di navigazione<\/i><\/u><\/p><p>I sistemi informatici e le procedure software preposte al funzionamento del Sito Internet acquisiscono, nel corso del loro normale esercizio, alcuni dati personali la cui trasmissione \u00e8 implicita nell&#8217;uso dei protocolli di comunicazione internet.<\/p><p>In questa categoria di dati rientrano gli indirizzi IP o i nomi a dominio dei computer e dei terminali utilizzati dagli utenti, il tipo di browser, il nome dell&#8217;Internet Service Provider, gli indirizzi in notazione URI\/URL (Uniform Resource Identifier\/Locator) delle risorse richieste, la data e l&#8217;orario di visita del Sito Internet, il metodo utilizzato nel sottoporre la richiesta al server, la dimensione del file ottenuto in risposta, il codice numerico indicante lo stato della risposta data dal server (buon fine, errore, ecc.), la pagina web di provenienza dell&#8217;utente e quella di uscita ed altri parametri relativi al sistema operativo e all&#8217;ambiente informatico dell&#8217;utente.<\/p><p><u><i>Dati comunicati dagli Interessati<\/i><\/u><\/p><p>L&#8217;invio facoltativo, esplicito e volontario di messaggi agli indirizzi di contatto del Titolare del Trattamento, nonch\u00e8 la compilazione e l&#8217;inoltro dei moduli di contatto presenti sul Sito Internet, comportano l&#8217;acquisizione dei dati di contatto del mittente, necessari a rispondere, nonch\u00e8 di tutti i dati personali inclusi nelle comunicazioni (quali, a titolo meramente esemplificativo, nome, cognome, indirizzo email).<br \/>In ogni caso, gli Interessati sono tenuti a fornire dati veritieri e precisi e ad informare tempestivamente il Titolare del Trattamento di eventuali successive modifiche.<\/p><h2>4. Cookie e altri sistemi di tracciamento<\/h2><p>Il Sito Internet fa uso di cookie e tecnologie similari. Per l&#8217;informativa sull&#8217;utilizzo dei cookie si rimanda alla nostra Cookie Policy.<\/p><h2>5. Finalit\u00e0 e base giuridica del trattamento<\/h2><p>Il Titolare del Trattamento tratta i <u>dati di traffico e di navigazione<\/u> per le seguenti finalit\u00e0:<br \/>(a) gestire, amministrare e migliorare il Sito Internet; controllare il corretto funzionamento dei servizi offerti;<br \/>(b) adempiere agli obblighi previsti dalla legge e\/o da regolamenti e\/o da ordini dell&#8217;Autorit\u00e0 Giudiziaria;<br \/>(c) prevenire e\/o rilevare attivit\u00e0 fraudolente e\/o dannose per il Sito Internet;<br \/>(d) effettuare analisi con finalit\u00e0 tecniche e\/o commerciali; ottenere informazioni statistiche sull&#8217;uso dei servizi (pagine pi\u00f9 visitate, numero di visitatori per fascia oraria o giornaliera, aree geografiche di provenienza, ecc.).<br \/>Il trattamento di tali dati \u00e8 necessario per poter navigare sul Sito Internet.<br \/>Il Titolare del Trattamento tratta i <u>dati comunicati dagli Interessati<\/u> per le seguenti finalit\u00e0:<br \/>(e) rispondere alle richieste di assistenza e, in generale, a qualsiasi domanda e\/o richiesta avanzata dagli utenti;<br \/>(f) inviare agli utenti email di tipo amministrativo e\/o di supporto tecnico (a titolo meramente esemplificativo, note tecniche, promemoria, aggiornamenti..);<br \/>(g) inviare a mezzo posta e\/o via email newsletter, comunicazioni commerciali e\/o materiale pubblicitario su prodotti e\/o servizi offerti dal Titolare del Trattamento.<br \/>Il trattamento dei dati comunicati dagli Interessati per le finalit\u00e0 sopra indicate richiede il consenso degli Interessati. Tale consenso \u00e8 sempre facoltativo ma, in difetto, Pietro Alfredo Moros non potr\u00e0 trattare i dati raccolti per le predette finalit\u00e0.<\/p><h2>6. Comunicazione dei dati<\/h2><p>I dati personali raccolti potranno essere comunicati a organismi di vigilanza, autorit\u00e0 giudiziarie nonch\u00e8 a tutti i soggetti ai quali la comunicazione sia obbligatoria per legge e\/o necessario per l&#8217;espletamento delle finalit\u00e0 sopra descritte.<\/p><h2>7. Modalit\u00e0 di trattamento dei dati personali raccolti e periodo di conservazione<\/h2><p>I dati raccolti posso essere sottoposti a trattamento sia cartaceo che elettronico e\/o automatizzato.<br \/>In ogni caso, il Titolare del Trattamento tratter\u00e0 i dati personali raccolti per il tempo necessario per adempiere alle finalit\u00e0 di cui alla presente informativa e, in ogni caso, per un periodo non eccedente a quanto richiesto dalla normativa vigente (ivi inclusa la normativa in materia fiscale).<\/p><h2>8. Eventuale trasferimento dei dati personali<\/h2><p>La gestione e la conservazione dei dati avverr\u00e0 su server ubicati all&#8217;interno dell&#8217;Unione Europea del Titolare del Trattamento e\/o di societ\u00e0 terze incaricate e debitamente nominate quali Responsabili del trattamento. Attualmente i server sono situati in Italia.<br \/>Resta in ogni caso inteso che il Titolare del Trattamento, ove si rendesse necessario, avr\u00e0 facolt\u00e0 di spostare l&#8217;ubicazione dei server in Italia e\/o Unione Europea e\/o Paesi extra-UE. In tal caso, il Titolare del Trattamento assicura sin d&#8217;ora che il trasferimento dei dati extra-UE avverr\u00e0 in conformit\u00e0 alle disposizioni di legge applicabili stipulando, se necessario, accordi che garantiscano un livello di protezione adeguato e\/o adottando le clausole contrattuali standard previste dalla Commissione Europea.<\/p><h2>9. Misure di sicurezza<\/h2><p>Il Titolare del Trattamento tratta i dati degli Interessati in maniera lecita e corretta, adottando le opportune misure di sicurezza volte ad impedire accessi non autorizzati, divulgazione, modifica o distruzione non autorizzata dei dati, nonch\u00e8 usi illeciti dei dati.<br \/>Il trattamento viene effettuato mediante strumenti informatici e\/o telematici, con modalit\u00e0 organizzative e con logiche strettamente correlate alle finalit\u00e0 indicate, e i dati sono memorizzati e conservati in strutture sicure con limitazioni di accesso e verifica del personale.<br \/>L&#8217;accesso alla informazioni \u00e8 rigorosamente limitato al personale autorizzato.<br \/>Il Sito Internet \u00e8 costantemente monitorato per verificare eventuali violazioni della sicurezza.<br \/>Oltre al Titolare del Trattamento, in alcuni casi, potrebbero avere accesso ai dati categorie di incaricati coinvolti nell&#8217;organizzazione del Sito Internet (personale amministrativo, commerciale, marketing, legali, amministratori di sistema) ovvero soggetti esterni (come fornitori di servizi tecnici terzi, corrieri postali, hosting provider, societ\u00e0 informatiche, agenzie di comunicazione), che agiranno sulla base delle specifiche istruzioni fornite dal Titolare del Trattamento.<br \/>In ogni caso, il Titolare del Trattamento invita gli Interessati ad adottare idonee protezioni e\/o cautele contro l&#8217;accesso non autorizzato alla propria area riservata e\/o al proprio computer.<\/p><h2>10. Diritti degli interessati<\/h2><p>In conformit\u00e0 a quanto previsto dal capo III del GDPR, gli Interessati possono essere esercitare in qualsiasi momento i diritti ivi previsti e in particolare:<br \/><strong>Diritto di accesso:<\/strong> ottenere dal Titolare conferma che sia o meno in corso un trattamento di Dati Personali che li riguardano e, in tal caso, ricevere informazioni circa le finalit\u00e0 del trattamento, le categorie dei Dati coinvolti, i destinatari o le categorie dei destinatari cui i Dati Personali sono o saranno comunicati, il periodo di conservazione dei Dati Personali oppure i criteri per determinare tale periodo ( art. 15, GDPR);<\/p><p><strong>Diritto di rettifica:<\/strong> ottenere dal Titolare, senza ingiustificato ritardo, la rettifica dei Dati Personali inesatti e l&#8217;integrazione dei Dati Personali incompleti fornendo anche una dichiarazione integrativa (art. 16, GDPR);<\/p><p><strong>Diritto alla cancellazione:<\/strong> ottenere dal Titolare, senza ingiustificato ritardo, la cancellazione dei Dati Personali, nei casi previsti dal GDPR (c.d. &#8220;diritto all&#8217;oblio&#8221; &#8211; art. 17, GDPR);<\/p><p><strong>Diritto di limitazione:<\/strong> ottenere dal Titolare la limitazione del trattamento, nei casi previsti dal GDPR (art. 18, GDPR);<\/p><p><strong>Diritto alla portabilit\u00e0:<\/strong> ricevere dal Titolare in un formato strutturato, di uso comune e leggibile da dispositivo automatico, i Dati Personali che li riguardano forniti al titolare del trattamento e richiedere di trasmetterli direttamente, o per mezzo del titolare se tecnicamente fattibile, ad un altro titolare del trattamento (c.d. &#8220;diritto alla portabilit\u00e0 dei dati&#8221; &#8211; art. 20 GDPR);<\/p><p><strong>Diritto di opposizione:<\/strong> opporsi, al ricorrere di situazioni particolari che li riguardano, al trattamento dei Dati Personali nonch\u00e8 al trattamento di Dati Personali per finalit\u00e0 di marketing diretto (art. 21 GDPR).<\/p><p>L&#8217;apposita istanza pu\u00f2 essere presentata contattando in qualsiasi momento Pietro Alfredo Moros a mezzo posta all&#8217;indirizzo: Pietro Alfredo Moros corso Aldo Gastaldi 9\/1 scala A 16131 &#8211; Genova(GE); a mezzo posta elettronica all&#8217;indirizzo pietroalfredo1958@pec.it.<br \/>Con le stesse modalit\u00e0 possono essere revocati in qualsiasi momento i consensi espressi in riferimento alla presente informativa senza pregiudicare la liceit\u00e0 del trattamento basato sul consenso prestato prima della revoca.<\/p><p>Le eventuali comunicazioni e le azioni intraprese da Pietro Alfredo Moros a fronte dell&#8217;esercizio dei diritti di seguito elencati, saranno effettuate gratuitamente, fatta eccezione per i casi previsti dall&#8217;art. 12, comma 5, del GDPR.<\/p><p>Gli interessati possono altres\u00ec contattare Pietro Alfredo Moros al numero di telefono +39 3474084715 per il caso in cui necessitassero di informazioni e\/o chiarimenti in merito al trattamento dei dati personali effettuati tramite il Sito Internet.<\/p><h2>11. Diritto di reclamo<\/h2><p>Gli Interessati che ritengono che il trattamento dei dati personali a loro riferiti effettuato attraverso il Sito Internet avvenga in violazione di quanto previsto dal Regolamento hanno il diritto di proporre reclamo al Garante, come previsto dall&#8217;art. 77 del Regolamento stesso, o di adire le opportune sedi giudiziarie (art. 79 del Regolamento).<\/p><h2>12. Tutela dei minori<\/h2><p>Il Titolare del Trattamento non permette a persone minori di et\u00e0 inferiore a 16 anni di usufruire dei suoi servizi e, pertanto, non raccoglie intenzionalmente informazioni relative ad essi. Qualora dovesse accorgersi di aver raccolto dati relativi a persone minori di anni 16, in assenza di un consenso genitoriale dimostrabile, provveder\u00e0 a cancellare tali dati nel minor tempo possibile.<\/p><h2>13. Aggiornamenti periodici della presente informativa sulla privacy<\/h2><p>La presente informativa sulla privacy \u00e8 valida ed efficace con decorrenza dal 25 maggio 2018 e potr\u00e0 essere soggetta a modifiche nel tempo, anche per effetto di modifiche o integrazioni della vigente normativa.<br \/>Qualora il Titolare del Trattamento dovesse apportare qualsivoglia modifica significativa a tale documento, lo stesso ne dar\u00e0 informazione agli Interessati attraverso i mezzi che riterr\u00e0 pi\u00f9 idonei allo scopo (quale, a titolo meramente esemplificativo e non esaustivo, la pubblicazione sulla home page del Sito Internet e\/o l&#8217;invio di una newsletter all&#8217;indirizzo email fornito dagli Interessati).<\/p><p>La presente informativa \u00e8 stata aggiornata in data 25 maggio 2018.<\/p>\t\t\t\t\t\t\t\t<\/div>\n\t\t\t\t<\/div>\n\t\t\t\t\t<\/div>\n\t\t<\/div>\n\t\t\t\t\t<\/div>\n\t\t<\/section>\n\t\t\t\t<\/div>\n\t\t","protected":false},"excerpt":{"rendered":"<p>Information on the processing of personal data and cookies on the website 1. Background In fulfillment of obligations under Regulation (EU) no. 2016\/679 of the European Parliament and of the Council of April 27, 2016 (hereinafter, the &#8220;Regulations&#8221; o &#8220;GDPR&#8220;) and applicable national legislation, Pietro Alfredo Moros respects and protects the personal data of visitors [&hellip;]<\/p>\n","protected":false},"author":1,"featured_media":0,"parent":0,"menu_order":0,"comment_status":"closed","ping_status":"closed","template":"","meta":{"footnotes":""},"class_list":["post-2174","page","type-page","status-publish","hentry"],"yoast_head":"<!-- This site is optimized with the Yoast SEO plugin v27.3 - https:\/\/yoast.com\/product\/yoast-seo-wordpress\/ -->\n<title>Pietro Moros - Fiabe, racconti e romanzi - Privacy Policy<\/title>\n<meta name=\"description\" content=\"Ho iniziato a scrivere fiabe per divertimento. Le prime furono: Zar, Il Mistero delle montagne incantate, I Primi giochi invernali, La storia del sette nani.\" \/>\n<meta name=\"robots\" content=\"index, follow, max-snippet:-1, max-image-preview:large, max-video-preview:-1\" \/>\n<link rel=\"canonical\" href=\"https:\/\/www.pietromoros.it\/en\/privacy-policy\/\" \/>\n<meta property=\"og:locale\" content=\"en_US\" \/>\n<meta property=\"og:type\" content=\"article\" \/>\n<meta property=\"og:title\" content=\"Pietro Moros - Fiabe, racconti e romanzi - Privacy Policy\" \/>\n<meta property=\"og:description\" content=\"Ho iniziato a scrivere fiabe per divertimento. Le prime furono: Zar, Il Mistero delle montagne incantate, I Primi giochi invernali, La storia del sette nani.\" \/>\n<meta property=\"og:url\" content=\"https:\/\/www.pietromoros.it\/en\/privacy-policy\/\" \/>\n<meta property=\"og:site_name\" content=\"Pietro Moros - Fiabe, racconti e romanzi\" \/>\n<meta name=\"twitter:card\" content=\"summary_large_image\" \/>\n<meta name=\"twitter:label1\" content=\"Est. reading time\" \/>\n\t<meta name=\"twitter:data1\" content=\"9 minutes\" \/>\n<script type=\"application\/ld+json\" class=\"yoast-schema-graph\">{\"@context\":\"https:\\\/\\\/schema.org\",\"@graph\":[{\"@type\":\"WebPage\",\"@id\":\"https:\\\/\\\/www.pietromoros.it\\\/en\\\/privacy-policy\\\/\",\"url\":\"https:\\\/\\\/www.pietromoros.it\\\/en\\\/privacy-policy\\\/\",\"name\":\"Pietro Moros - Fiabe, racconti e romanzi - Privacy Policy\",\"isPartOf\":{\"@id\":\"https:\\\/\\\/www.pietromoros.it\\\/en\\\/#website\"},\"datePublished\":\"2022-05-13T14:45:42+00:00\",\"description\":\"Ho iniziato a scrivere fiabe per divertimento. Le prime furono: Zar, Il Mistero delle montagne incantate, I Primi giochi invernali, La storia del sette nani.\",\"breadcrumb\":{\"@id\":\"https:\\\/\\\/www.pietromoros.it\\\/en\\\/privacy-policy\\\/#breadcrumb\"},\"inLanguage\":\"en-US\",\"potentialAction\":[{\"@type\":\"ReadAction\",\"target\":[\"https:\\\/\\\/www.pietromoros.it\\\/en\\\/privacy-policy\\\/\"]}]},{\"@type\":\"BreadcrumbList\",\"@id\":\"https:\\\/\\\/www.pietromoros.it\\\/en\\\/privacy-policy\\\/#breadcrumb\",\"itemListElement\":[{\"@type\":\"ListItem\",\"position\":1,\"name\":\"Home\",\"item\":\"https:\\\/\\\/www.pietromoros.it\\\/en\\\/\"},{\"@type\":\"ListItem\",\"position\":2,\"name\":\"Privacy Policy\"}]},{\"@type\":\"WebSite\",\"@id\":\"https:\\\/\\\/www.pietromoros.it\\\/en\\\/#website\",\"url\":\"https:\\\/\\\/www.pietromoros.it\\\/en\\\/\",\"name\":\"Pietro Moros - Fiabe, racconti e romanzi\",\"description\":\"\",\"publisher\":{\"@id\":\"https:\\\/\\\/www.pietromoros.it\\\/en\\\/#organization\"},\"potentialAction\":[{\"@type\":\"SearchAction\",\"target\":{\"@type\":\"EntryPoint\",\"urlTemplate\":\"https:\\\/\\\/www.pietromoros.it\\\/en\\\/?s={search_term_string}\"},\"query-input\":{\"@type\":\"PropertyValueSpecification\",\"valueRequired\":true,\"valueName\":\"search_term_string\"}}],\"inLanguage\":\"en-US\"},{\"@type\":\"Organization\",\"@id\":\"https:\\\/\\\/www.pietromoros.it\\\/en\\\/#organization\",\"name\":\"Pietro Moros - Fiabe, racconti e romanzi\",\"url\":\"https:\\\/\\\/www.pietromoros.it\\\/en\\\/\",\"logo\":{\"@type\":\"ImageObject\",\"inLanguage\":\"en-US\",\"@id\":\"https:\\\/\\\/www.pietromoros.it\\\/en\\\/#\\\/schema\\\/logo\\\/image\\\/\",\"url\":\"https:\\\/\\\/www.pietromoros.it\\\/wp-content\\\/uploads\\\/2023\\\/06\\\/IMG-20170702-WA0046-e1687350519975.jpg\",\"contentUrl\":\"https:\\\/\\\/www.pietromoros.it\\\/wp-content\\\/uploads\\\/2023\\\/06\\\/IMG-20170702-WA0046-e1687350519975.jpg\",\"width\":876,\"height\":800,\"caption\":\"Pietro Moros - Fiabe, racconti e romanzi\"},\"image\":{\"@id\":\"https:\\\/\\\/www.pietromoros.it\\\/en\\\/#\\\/schema\\\/logo\\\/image\\\/\"}}]}<\/script>\n<!-- \/ Yoast SEO plugin. -->","yoast_head_json":{"title":"Pietro Moros - Fiabe, racconti e romanzi - Privacy Policy","description":"Ho iniziato a scrivere fiabe per divertimento. Le prime furono: Zar, Il Mistero delle montagne incantate, I Primi giochi invernali, La storia del sette nani.","robots":{"index":"index","follow":"follow","max-snippet":"max-snippet:-1","max-image-preview":"max-image-preview:large","max-video-preview":"max-video-preview:-1"},"canonical":"https:\/\/www.pietromoros.it\/en\/privacy-policy\/","og_locale":"en_US","og_type":"article","og_title":"Pietro Moros - Fiabe, racconti e romanzi - Privacy Policy","og_description":"Ho iniziato a scrivere fiabe per divertimento. Le prime furono: Zar, Il Mistero delle montagne incantate, I Primi giochi invernali, La storia del sette nani.","og_url":"https:\/\/www.pietromoros.it\/en\/privacy-policy\/","og_site_name":"Pietro Moros - Fiabe, racconti e romanzi","twitter_card":"summary_large_image","twitter_misc":{"Est. reading time":"9 minutes"},"schema":{"@context":"https:\/\/schema.org","@graph":[{"@type":"WebPage","@id":"https:\/\/www.pietromoros.it\/en\/privacy-policy\/","url":"https:\/\/www.pietromoros.it\/en\/privacy-policy\/","name":"Pietro Moros - Fiabe, racconti e romanzi - Privacy Policy","isPartOf":{"@id":"https:\/\/www.pietromoros.it\/en\/#website"},"datePublished":"2022-05-13T14:45:42+00:00","description":"Ho iniziato a scrivere fiabe per divertimento. Le prime furono: Zar, Il Mistero delle montagne incantate, I Primi giochi invernali, La storia del sette nani.","breadcrumb":{"@id":"https:\/\/www.pietromoros.it\/en\/privacy-policy\/#breadcrumb"},"inLanguage":"en-US","potentialAction":[{"@type":"ReadAction","target":["https:\/\/www.pietromoros.it\/en\/privacy-policy\/"]}]},{"@type":"BreadcrumbList","@id":"https:\/\/www.pietromoros.it\/en\/privacy-policy\/#breadcrumb","itemListElement":[{"@type":"ListItem","position":1,"name":"Home","item":"https:\/\/www.pietromoros.it\/en\/"},{"@type":"ListItem","position":2,"name":"Privacy Policy"}]},{"@type":"WebSite","@id":"https:\/\/www.pietromoros.it\/en\/#website","url":"https:\/\/www.pietromoros.it\/en\/","name":"Pietro Moros - Fiabe, racconti e romanzi","description":"","publisher":{"@id":"https:\/\/www.pietromoros.it\/en\/#organization"},"potentialAction":[{"@type":"SearchAction","target":{"@type":"EntryPoint","urlTemplate":"https:\/\/www.pietromoros.it\/en\/?s={search_term_string}"},"query-input":{"@type":"PropertyValueSpecification","valueRequired":true,"valueName":"search_term_string"}}],"inLanguage":"en-US"},{"@type":"Organization","@id":"https:\/\/www.pietromoros.it\/en\/#organization","name":"Pietro Moros - Fiabe, racconti e romanzi","url":"https:\/\/www.pietromoros.it\/en\/","logo":{"@type":"ImageObject","inLanguage":"en-US","@id":"https:\/\/www.pietromoros.it\/en\/#\/schema\/logo\/image\/","url":"https:\/\/www.pietromoros.it\/wp-content\/uploads\/2023\/06\/IMG-20170702-WA0046-e1687350519975.jpg","contentUrl":"https:\/\/www.pietromoros.it\/wp-content\/uploads\/2023\/06\/IMG-20170702-WA0046-e1687350519975.jpg","width":876,"height":800,"caption":"Pietro Moros - Fiabe, racconti e romanzi"},"image":{"@id":"https:\/\/www.pietromoros.it\/en\/#\/schema\/logo\/image\/"}}]}},"_links":{"self":[{"href":"https:\/\/www.pietromoros.it\/en\/wp-json\/wp\/v2\/pages\/2174","targetHints":{"allow":["GET"]}}],"collection":[{"href":"https:\/\/www.pietromoros.it\/en\/wp-json\/wp\/v2\/pages"}],"about":[{"href":"https:\/\/www.pietromoros.it\/en\/wp-json\/wp\/v2\/types\/page"}],"author":[{"embeddable":true,"href":"https:\/\/www.pietromoros.it\/en\/wp-json\/wp\/v2\/users\/1"}],"replies":[{"embeddable":true,"href":"https:\/\/www.pietromoros.it\/en\/wp-json\/wp\/v2\/comments?post=2174"}],"version-history":[{"count":0,"href":"https:\/\/www.pietromoros.it\/en\/wp-json\/wp\/v2\/pages\/2174\/revisions"}],"wp:attachment":[{"href":"https:\/\/www.pietromoros.it\/en\/wp-json\/wp\/v2\/media?parent=2174"}],"curies":[{"name":"wp","href":"https:\/\/api.w.org\/{rel}","templated":true}]}}